{"id":123,"date":"2022-09-30T08:54:11","date_gmt":"2022-09-30T13:54:11","guid":{"rendered":"https:\/\/jjvlegal.com\/index.php\/home-2\/"},"modified":"2022-11-28T10:25:57","modified_gmt":"2022-11-28T15:25:57","slug":"abogado","status":"publish","type":"page","link":"https:\/\/jjvlegal.com\/","title":{"rendered":"Home"},"content":{"rendered":"\t\t<div data-elementor-type=\"wp-page\" data-elementor-id=\"123\" class=\"elementor elementor-123\">\n\t\t\t\t\t\t\t\t\t<section class=\"elementor-section elementor-top-section elementor-element elementor-element-52108994 elementor-section-full_width elementor-section-height-min-height elementor-section-items-stretch elementor-section-content-middle elementor-section-height-default\" data-id=\"52108994\" data-element_type=\"section\">\n\t\t\t\t\t\t<div class=\"elementor-container elementor-column-gap-no\">\n\t\t\t\t\t<div class=\"elementor-column elementor-col-50 elementor-top-column elementor-element elementor-element-605c0de1\" data-id=\"605c0de1\" data-element_type=\"column\">\n\t\t\t<div class=\"elementor-widget-wrap elementor-element-populated\">\n\t\t\t\t\t\t\t\t<div class=\"elementor-element elementor-element-2c32a5c2 elementor-invisible elementor-widget elementor-widget-heading\" data-id=\"2c32a5c2\" data-element_type=\"widget\" data-settings=\"{&quot;_animation&quot;:&quot;fadeInDown&quot;}\" data-widget_type=\"heading.default\">\n\t\t\t\t<div class=\"elementor-widget-container\">\n\t\t\t<style>\/*! elementor - v3.9.1 - 14-12-2022 *\/\n.elementor-heading-title{padding:0;margin:0;line-height:1}.elementor-widget-heading .elementor-heading-title[class*=elementor-size-]>a{color:inherit;font-size:inherit;line-height:inherit}.elementor-widget-heading .elementor-heading-title.elementor-size-small{font-size:15px}.elementor-widget-heading .elementor-heading-title.elementor-size-medium{font-size:19px}.elementor-widget-heading .elementor-heading-title.elementor-size-large{font-size:29px}.elementor-widget-heading .elementor-heading-title.elementor-size-xl{font-size:39px}.elementor-widget-heading .elementor-heading-title.elementor-size-xxl{font-size:59px}<\/style><h1 class=\"elementor-heading-title elementor-size-default\">Su firma legal.<\/h1>\t\t<\/div>\n\t\t\t\t<\/div>\n\t\t\t\t<div class=\"elementor-element elementor-element-5a3a58a3 elementor-invisible elementor-widget elementor-widget-text-editor\" data-id=\"5a3a58a3\" data-element_type=\"widget\" data-settings=\"{&quot;_animation&quot;:&quot;fadeInDown&quot;}\" data-widget_type=\"text-editor.default\">\n\t\t\t\t<div class=\"elementor-widget-container\">\n\t\t\t<style>\/*! elementor - v3.9.1 - 14-12-2022 *\/\n.elementor-widget-text-editor.elementor-drop-cap-view-stacked .elementor-drop-cap{background-color:#818a91;color:#fff}.elementor-widget-text-editor.elementor-drop-cap-view-framed .elementor-drop-cap{color:#818a91;border:3px solid;background-color:transparent}.elementor-widget-text-editor:not(.elementor-drop-cap-view-default) .elementor-drop-cap{margin-top:8px}.elementor-widget-text-editor:not(.elementor-drop-cap-view-default) .elementor-drop-cap-letter{width:1em;height:1em}.elementor-widget-text-editor .elementor-drop-cap{float:left;text-align:center;line-height:1;font-size:50px}.elementor-widget-text-editor .elementor-drop-cap-letter{display:inline-block}<\/style>\t\t\t\t<p class=\"p1\"><b><i><span style=\"color: #1319a4;\">VARGAS LAW FIRM SAS.<\/span>, <\/i><\/b>es un estudio legal colombiano fundado en el a\u00f1o 2001, por el abogado <span style=\"color: #1319a4;\"><b><i>JOS\u00c9 DE JES\u00daS VARGAS VALENCIA<\/i><\/b>,<\/span> quien despu\u00e9s de 13 a\u00f1os de ejercicio profesional independiente, decidi\u00f3 conformar el bufete.<\/p><p>Actualmente la firma cuenta con un grupo de abogados y personal administrativo joven y capaz, apoyados en los \u00faltimos desarrollos tecnol\u00f3gicos.<\/p><p>El estudio legal cuenta con un fortalecimiento internacional que se ampara en la oficina boutique en Coral Gables, Florida, as\u00ed como en las alianzas estrat\u00e9gicas en diversas \u00e1reas tales c\u00f3mo: Real estate, conformaci\u00f3n de empresas, migraci\u00f3n, contable, entre otras.<\/p>\t\t\t\t\t\t<\/div>\n\t\t\t\t<\/div>\n\t\t\t\t<div class=\"elementor-element elementor-element-75f72b1 elementor-widget elementor-widget-heading\" data-id=\"75f72b1\" data-element_type=\"widget\" data-widget_type=\"heading.default\">\n\t\t\t\t<div class=\"elementor-widget-container\">\n\t\t\t<h2 class=\"elementor-heading-title elementor-size-small\">El mejor abogado para cada caso. Cont\u00e1ctenos.<\/h2>\t\t<\/div>\n\t\t\t\t<\/div>\n\t\t\t\t<div class=\"elementor-element elementor-element-733a7b8 elementor-widget elementor-widget-spacer\" data-id=\"733a7b8\" data-element_type=\"widget\" data-widget_type=\"spacer.default\">\n\t\t\t\t<div class=\"elementor-widget-container\">\n\t\t\t<style>\/*! elementor - v3.9.1 - 14-12-2022 *\/\n.elementor-column .elementor-spacer-inner{height:var(--spacer-size)}.e-con{--container-widget-width:100%}.e-con-inner>.elementor-widget-spacer,.e-con>.elementor-widget-spacer{width:var(--container-widget-width,var(--spacer-size));--align-self:var(--container-widget-align-self,initial);--flex-shrink:0}.e-con-inner>.elementor-widget-spacer>.elementor-widget-container,.e-con-inner>.elementor-widget-spacer>.elementor-widget-container>.elementor-spacer,.e-con>.elementor-widget-spacer>.elementor-widget-container,.e-con>.elementor-widget-spacer>.elementor-widget-container>.elementor-spacer{height:100%}.e-con-inner>.elementor-widget-spacer>.elementor-widget-container>.elementor-spacer>.elementor-spacer-inner,.e-con>.elementor-widget-spacer>.elementor-widget-container>.elementor-spacer>.elementor-spacer-inner{height:var(--container-widget-height,var(--spacer-size))}<\/style>\t\t<div class=\"elementor-spacer\">\n\t\t\t<div class=\"elementor-spacer-inner\"><\/div>\n\t\t<\/div>\n\t\t\t\t<\/div>\n\t\t\t\t<\/div>\n\t\t\t\t<div class=\"elementor-element elementor-element-ee1db6b elementor-align-left elementor-mobile-align-center elementor-invisible elementor-widget elementor-widget-button\" data-id=\"ee1db6b\" data-element_type=\"widget\" data-settings=\"{&quot;_animation&quot;:&quot;fadeInDown&quot;}\" data-widget_type=\"button.default\">\n\t\t\t\t<div class=\"elementor-widget-container\">\n\t\t\t\t\t<div class=\"elementor-button-wrapper\">\n\t\t\t<a href=\"https:\/\/jjvlegal.com\/wp-content\/uploads\/2022\/11\/Presentacion-2.pdf\" target=\"_blank\" class=\"elementor-button-link elementor-button elementor-size-sm\" role=\"button\">\n\t\t\t\t\t\t<span class=\"elementor-button-content-wrapper\">\n\t\t\t\t\t\t<span class=\"elementor-button-text\">Descargar Brochure<\/span>\n\t\t<\/span>\n\t\t\t\t\t<\/a>\n\t\t<\/div>\n\t\t\t\t<\/div>\n\t\t\t\t<\/div>\n\t\t\t\t\t<\/div>\n\t\t<\/div>\n\t\t\t\t<div class=\"elementor-column elementor-col-50 elementor-top-column elementor-element elementor-element-5e7dd271 elementor-invisible\" data-id=\"5e7dd271\" data-element_type=\"column\" data-settings=\"{&quot;background_background&quot;:&quot;classic&quot;,&quot;animation&quot;:&quot;fadeInRight&quot;}\">\n\t\t\t<div class=\"elementor-widget-wrap elementor-element-populated\">\n\t\t\t\t\t\t\t\t<div class=\"elementor-element elementor-element-4d3eaee9 elementor-widget elementor-widget-spacer\" data-id=\"4d3eaee9\" data-element_type=\"widget\" data-widget_type=\"spacer.default\">\n\t\t\t\t<div class=\"elementor-widget-container\">\n\t\t\t\t\t<div class=\"elementor-spacer\">\n\t\t\t<div class=\"elementor-spacer-inner\"><\/div>\n\t\t<\/div>\n\t\t\t\t<\/div>\n\t\t\t\t<\/div>\n\t\t\t\t\t<\/div>\n\t\t<\/div>\n\t\t\t\t\t\t\t<\/div>\n\t\t<\/section>\n\t\t\t\t<section class=\"elementor-section elementor-top-section elementor-element elementor-element-144e2a33 elementor-section-content-middle elementor-section-boxed elementor-section-height-default elementor-section-height-default\" data-id=\"144e2a33\" data-element_type=\"section\">\n\t\t\t\t\t\t<div class=\"elementor-container elementor-column-gap-no\">\n\t\t\t\t\t<div class=\"elementor-column elementor-col-100 elementor-top-column elementor-element elementor-element-6d016cb9\" data-id=\"6d016cb9\" data-element_type=\"column\">\n\t\t\t<div class=\"elementor-widget-wrap elementor-element-populated\">\n\t\t\t\t\t\t\t\t<div class=\"elementor-element elementor-element-2047ba31 elementor-invisible elementor-widget elementor-widget-text-editor\" data-id=\"2047ba31\" data-element_type=\"widget\" data-settings=\"{&quot;_animation&quot;:&quot;fadeInDown&quot;}\" data-widget_type=\"text-editor.default\">\n\t\t\t\t<div class=\"elementor-widget-container\">\n\t\t\t\t\t\t\t<h2 class=\"elementor-heading-title elementor-size-default elementor-inline-editing pen\" style=\"text-align: center;\" contenteditable=\"true\" data-elementor-setting-key=\"title\" data-pen-placeholder=\"Teclea aqu\u00ed...\">Somos una firma legal colombiana fundamentados en la <strong><span style=\"color: #1319a4;\">trayectoria, profesionalismo y excelencia<\/span><\/strong><\/h2>\t\t\t\t\t\t<\/div>\n\t\t\t\t<\/div>\n\t\t\t\t<div class=\"elementor-element elementor-element-429b4977 elementor-invisible elementor-widget elementor-widget-text-editor\" data-id=\"429b4977\" data-element_type=\"widget\" data-settings=\"{&quot;_animation&quot;:&quot;fadeInDown&quot;}\" data-widget_type=\"text-editor.default\">\n\t\t\t\t<div class=\"elementor-widget-container\">\n\t\t\t\t\t\t\t<p>\u00a1No deje que lo agobien sus dificultades!\u00a0<br \/>M\u00e1s de 20 a\u00f1os de experiencia a su servicio, lo contactaremos con el mejor abogado para cada caso.<\/p>\t\t\t\t\t\t<\/div>\n\t\t\t\t<\/div>\n\t\t\t\t<div class=\"elementor-element elementor-element-343ae2c1 elementor-align-center elementor-invisible elementor-widget elementor-widget-button\" data-id=\"343ae2c1\" data-element_type=\"widget\" data-settings=\"{&quot;_animation&quot;:&quot;fadeInDown&quot;}\" data-widget_type=\"button.default\">\n\t\t\t\t<div class=\"elementor-widget-container\">\n\t\t\t\t\t<div class=\"elementor-button-wrapper\">\n\t\t\t<a href=\"https:\/\/jjvlegal.com\/index.php\/contacto\/\" class=\"elementor-button-link elementor-button elementor-size-sm\" role=\"button\">\n\t\t\t\t\t\t<span class=\"elementor-button-content-wrapper\">\n\t\t\t\t\t\t<span class=\"elementor-button-text\">Cont\u00e1ctenos<\/span>\n\t\t<\/span>\n\t\t\t\t\t<\/a>\n\t\t<\/div>\n\t\t\t\t<\/div>\n\t\t\t\t<\/div>\n\t\t\t\t\t<\/div>\n\t\t<\/div>\n\t\t\t\t\t\t\t<\/div>\n\t\t<\/section>\n\t\t\t\t\t\t\t<\/div>\n\t\t","protected":false},"excerpt":{"rendered":"<p>Su firma legal. VARGAS LAW FIRM SAS., es un estudio legal colombiano fundado en el a\u00f1o 2001, por el abogado JOS\u00c9 DE JES\u00daS VARGAS VALENCIA, quien despu\u00e9s de 13 a\u00f1os de ejercicio profesional independiente, decidi\u00f3 conformar el bufete. Actualmente la firma cuenta con un grupo de abogados y personal administrativo joven y capaz, apoyados en [&hellip;]<\/p>\n","protected":false},"author":1,"featured_media":685,"parent":0,"menu_order":0,"comment_status":"closed","ping_status":"closed","template":"","meta":{"footnotes":""},"class_list":["post-123","page","type-page","status-publish","has-post-thumbnail","hentry"],"yoast_head":"<!-- This site is optimized with the Yoast SEO plugin v19.13 - https:\/\/yoast.com\/wordpress\/plugins\/seo\/ -->\n<title>Abogado a su servicio - Vargas Law Firm - Su firma legal<\/title>\n<meta name=\"description\" content=\"Somos una firma legal colombiana fundamentados en la trayectoria, profesionalismo y excelencia. Lo contactaremos con el mejor abogado posible\" \/>\n<meta name=\"robots\" content=\"index, follow, max-snippet:-1, max-image-preview:large, max-video-preview:-1\" \/>\n<link rel=\"canonical\" href=\"https:\/\/jjvlegal.com\/\" \/>\n<meta property=\"og:locale\" content=\"es_ES\" \/>\n<meta property=\"og:type\" content=\"article\" \/>\n<meta property=\"og:title\" content=\"Abogado a su servicio - Vargas Law Firm - Su firma legal\" \/>\n<meta property=\"og:description\" content=\"Somos una firma legal colombiana fundamentados en la trayectoria, profesionalismo y excelencia. Lo contactaremos con el mejor abogado posible\" \/>\n<meta property=\"og:url\" content=\"https:\/\/jjvlegal.com\/\" \/>\n<meta property=\"og:site_name\" content=\"Vargas Law Firm\" \/>\n<meta property=\"article:publisher\" content=\"https:\/\/www.facebook.com\/josejvargasyasociadossas\" \/>\n<meta property=\"article:modified_time\" content=\"2022-11-28T15:25:57+00:00\" \/>\n<meta property=\"og:image\" content=\"https:\/\/jjvlegal.com\/wp-content\/uploads\/2022\/11\/abogado.jpg\" \/>\n\t<meta property=\"og:image:width\" content=\"2098\" \/>\n\t<meta property=\"og:image:height\" content=\"1300\" \/>\n\t<meta property=\"og:image:type\" content=\"image\/jpeg\" \/>\n<meta name=\"twitter:card\" content=\"summary_large_image\" \/>\n<meta name=\"twitter:site\" content=\"@vargaslawfirm\" \/>\n<meta name=\"twitter:label1\" content=\"Tiempo estimado de lectura\" \/>\n\t<meta name=\"twitter:data1\" content=\"1 minuto\" \/>\n<script type=\"application\/ld+json\" class=\"yoast-schema-graph\">{\"@context\":\"https:\/\/schema.org\",\"@graph\":[{\"@type\":\"WebPage\",\"@id\":\"https:\/\/jjvlegal.com\/\",\"url\":\"https:\/\/jjvlegal.com\/\",\"name\":\"Abogado a su servicio - Vargas Law Firm - Su firma legal\",\"isPartOf\":{\"@id\":\"https:\/\/jjvlegal.com\/#website\"},\"datePublished\":\"2022-09-30T13:54:11+00:00\",\"dateModified\":\"2022-11-28T15:25:57+00:00\",\"description\":\"Somos una firma legal colombiana fundamentados en la trayectoria, profesionalismo y excelencia. Lo contactaremos con el mejor abogado posible\",\"breadcrumb\":{\"@id\":\"https:\/\/jjvlegal.com\/#breadcrumb\"},\"inLanguage\":\"es-CO\",\"potentialAction\":[{\"@type\":\"ReadAction\",\"target\":[\"https:\/\/jjvlegal.com\/\"]}]},{\"@type\":\"BreadcrumbList\",\"@id\":\"https:\/\/jjvlegal.com\/#breadcrumb\",\"itemListElement\":[{\"@type\":\"ListItem\",\"position\":1,\"name\":\"Inicio\",\"item\":\"https:\/\/jjvlegal.com\/\"},{\"@type\":\"ListItem\",\"position\":2,\"name\":\"Home\"}]},{\"@type\":\"WebSite\",\"@id\":\"https:\/\/jjvlegal.com\/#website\",\"url\":\"https:\/\/jjvlegal.com\/\",\"name\":\"Vargas Law Firm\",\"description\":\"Somos una firma legal con sede en Colombia y Estados Unidos. Estamos para asesorarlo y ayudarlo en cualquier dificultad jur\u00eddica que se encuentre.\",\"publisher\":{\"@id\":\"https:\/\/jjvlegal.com\/#organization\"},\"potentialAction\":[{\"@type\":\"SearchAction\",\"target\":{\"@type\":\"EntryPoint\",\"urlTemplate\":\"https:\/\/jjvlegal.com\/?s={search_term_string}\"},\"query-input\":\"required name=search_term_string\"}],\"inLanguage\":\"es-CO\"},{\"@type\":\"Organization\",\"@id\":\"https:\/\/jjvlegal.com\/#organization\",\"name\":\"Vargas Law Firm\",\"url\":\"https:\/\/jjvlegal.com\/\",\"logo\":{\"@type\":\"ImageObject\",\"inLanguage\":\"es-CO\",\"@id\":\"https:\/\/jjvlegal.com\/#\/schema\/logo\/image\/\",\"url\":\"https:\/\/jjvlegal.com\/wp-content\/uploads\/2022\/10\/Logo.svg\",\"contentUrl\":\"https:\/\/jjvlegal.com\/wp-content\/uploads\/2022\/10\/Logo.svg\",\"width\":1080,\"height\":1080,\"caption\":\"Vargas Law Firm\"},\"image\":{\"@id\":\"https:\/\/jjvlegal.com\/#\/schema\/logo\/image\/\"},\"sameAs\":[\"https:\/\/www.instagram.com\/vargaslawfirmsas\/\",\"https:\/\/www.tiktok.com\/@vargaslawfirmsas\",\"https:\/\/www.facebook.com\/josejvargasyasociadossas\",\"https:\/\/twitter.com\/vargaslawfirm\"]}]}<\/script>\n<!-- \/ Yoast SEO plugin. -->","yoast_head_json":{"title":"Abogado a su servicio - Vargas Law Firm - Su firma legal","description":"Somos una firma legal colombiana fundamentados en la trayectoria, profesionalismo y excelencia. Lo contactaremos con el mejor abogado posible","robots":{"index":"index","follow":"follow","max-snippet":"max-snippet:-1","max-image-preview":"max-image-preview:large","max-video-preview":"max-video-preview:-1"},"canonical":"https:\/\/jjvlegal.com\/","og_locale":"es_ES","og_type":"article","og_title":"Abogado a su servicio - Vargas Law Firm - Su firma legal","og_description":"Somos una firma legal colombiana fundamentados en la trayectoria, profesionalismo y excelencia. Lo contactaremos con el mejor abogado posible","og_url":"https:\/\/jjvlegal.com\/","og_site_name":"Vargas Law Firm","article_publisher":"https:\/\/www.facebook.com\/josejvargasyasociadossas","article_modified_time":"2022-11-28T15:25:57+00:00","og_image":[{"width":2098,"height":1300,"url":"https:\/\/jjvlegal.com\/wp-content\/uploads\/2022\/11\/abogado.jpg","type":"image\/jpeg"}],"twitter_card":"summary_large_image","twitter_site":"@vargaslawfirm","twitter_misc":{"Tiempo estimado de lectura":"1 minuto"},"schema":{"@context":"https:\/\/schema.org","@graph":[{"@type":"WebPage","@id":"https:\/\/jjvlegal.com\/","url":"https:\/\/jjvlegal.com\/","name":"Abogado a su servicio - Vargas Law Firm - Su firma legal","isPartOf":{"@id":"https:\/\/jjvlegal.com\/#website"},"datePublished":"2022-09-30T13:54:11+00:00","dateModified":"2022-11-28T15:25:57+00:00","description":"Somos una firma legal colombiana fundamentados en la trayectoria, profesionalismo y excelencia. Lo contactaremos con el mejor abogado posible","breadcrumb":{"@id":"https:\/\/jjvlegal.com\/#breadcrumb"},"inLanguage":"es-CO","potentialAction":[{"@type":"ReadAction","target":["https:\/\/jjvlegal.com\/"]}]},{"@type":"BreadcrumbList","@id":"https:\/\/jjvlegal.com\/#breadcrumb","itemListElement":[{"@type":"ListItem","position":1,"name":"Inicio","item":"https:\/\/jjvlegal.com\/"},{"@type":"ListItem","position":2,"name":"Home"}]},{"@type":"WebSite","@id":"https:\/\/jjvlegal.com\/#website","url":"https:\/\/jjvlegal.com\/","name":"Vargas Law Firm","description":"Somos una firma legal con sede en Colombia y Estados Unidos. Estamos para asesorarlo y ayudarlo en cualquier dificultad jur\u00eddica que se encuentre.","publisher":{"@id":"https:\/\/jjvlegal.com\/#organization"},"potentialAction":[{"@type":"SearchAction","target":{"@type":"EntryPoint","urlTemplate":"https:\/\/jjvlegal.com\/?s={search_term_string}"},"query-input":"required name=search_term_string"}],"inLanguage":"es-CO"},{"@type":"Organization","@id":"https:\/\/jjvlegal.com\/#organization","name":"Vargas Law Firm","url":"https:\/\/jjvlegal.com\/","logo":{"@type":"ImageObject","inLanguage":"es-CO","@id":"https:\/\/jjvlegal.com\/#\/schema\/logo\/image\/","url":"https:\/\/jjvlegal.com\/wp-content\/uploads\/2022\/10\/Logo.svg","contentUrl":"https:\/\/jjvlegal.com\/wp-content\/uploads\/2022\/10\/Logo.svg","width":1080,"height":1080,"caption":"Vargas Law Firm"},"image":{"@id":"https:\/\/jjvlegal.com\/#\/schema\/logo\/image\/"},"sameAs":["https:\/\/www.instagram.com\/vargaslawfirmsas\/","https:\/\/www.tiktok.com\/@vargaslawfirmsas","https:\/\/www.facebook.com\/josejvargasyasociadossas","https:\/\/twitter.com\/vargaslawfirm"]}]}},"rttpg_featured_image_url":{"full":["https:\/\/jjvlegal.com\/wp-content\/uploads\/2022\/11\/abogado.jpg",2098,1300,false],"landscape":["https:\/\/jjvlegal.com\/wp-content\/uploads\/2022\/11\/abogado.jpg",2098,1300,false],"portraits":["https:\/\/jjvlegal.com\/wp-content\/uploads\/2022\/11\/abogado.jpg",2098,1300,false],"thumbnail":["https:\/\/jjvlegal.com\/wp-content\/uploads\/2022\/11\/abogado-150x150.jpg",150,150,true],"medium":["https:\/\/jjvlegal.com\/wp-content\/uploads\/2022\/11\/abogado-300x186.jpg",300,186,true],"large":["https:\/\/jjvlegal.com\/wp-content\/uploads\/2022\/11\/abogado-1024x635.jpg",800,496,true],"1536x1536":["https:\/\/jjvlegal.com\/wp-content\/uploads\/2022\/11\/abogado-1536x952.jpg",1536,952,true],"2048x2048":["https:\/\/jjvlegal.com\/wp-content\/uploads\/2022\/11\/abogado-2048x1269.jpg",2048,1269,true]},"rttpg_author":{"display_name":"VargasLawFirmMarketing","author_link":"https:\/\/jjvlegal.com\/index.php\/author\/vargaslawfirmmarketing\/"},"rttpg_comment":0,"rttpg_category":null,"rttpg_excerpt":"Su firma legal. VARGAS LAW FIRM SAS., es un estudio legal colombiano fundado en el a\u00f1o 2001, por el abogado JOS\u00c9 DE JES\u00daS VARGAS VALENCIA, quien despu\u00e9s de 13 a\u00f1os de ejercicio profesional independiente, decidi\u00f3 conformar el bufete. Actualmente la firma cuenta con un grupo de abogados y personal administrativo joven y capaz, apoyados en&hellip;","_links":{"self":[{"href":"https:\/\/jjvlegal.com\/index.php\/wp-json\/wp\/v2\/pages\/123","targetHints":{"allow":["GET"]}}],"collection":[{"href":"https:\/\/jjvlegal.com\/index.php\/wp-json\/wp\/v2\/pages"}],"about":[{"href":"https:\/\/jjvlegal.com\/index.php\/wp-json\/wp\/v2\/types\/page"}],"author":[{"embeddable":true,"href":"https:\/\/jjvlegal.com\/index.php\/wp-json\/wp\/v2\/users\/1"}],"replies":[{"embeddable":true,"href":"https:\/\/jjvlegal.com\/index.php\/wp-json\/wp\/v2\/comments?post=123"}],"version-history":[{"count":165,"href":"https:\/\/jjvlegal.com\/index.php\/wp-json\/wp\/v2\/pages\/123\/revisions"}],"predecessor-version":[{"id":1226,"href":"https:\/\/jjvlegal.com\/index.php\/wp-json\/wp\/v2\/pages\/123\/revisions\/1226"}],"wp:featuredmedia":[{"embeddable":true,"href":"https:\/\/jjvlegal.com\/index.php\/wp-json\/wp\/v2\/media\/685"}],"wp:attachment":[{"href":"https:\/\/jjvlegal.com\/index.php\/wp-json\/wp\/v2\/media?parent=123"}],"curies":[{"name":"wp","href":"https:\/\/api.w.org\/{rel}","templated":true}]}}